{"id":37,"date":"2025-11-10T02:18:51","date_gmt":"2025-11-10T02:18:51","guid":{"rendered":"https:\/\/analyse24.com\/?page_id=37"},"modified":"2025-11-10T02:39:41","modified_gmt":"2025-11-10T02:39:41","slug":"impressum","status":"publish","type":"page","link":"https:\/\/analyse24.com\/de\/impressum\/","title":{"rendered":"Impressum"},"content":{"rendered":"<h2 class=\"wp-block-heading\">Angaben gem\u00e4\u00df \u00a7 5 TMG<\/h2>\n\n\n\n<p><strong>Anlagespiegel.com<\/strong><br>Inhaber: <strong>Maximilian Weber<\/strong><br>Musterstra\u00dfe 45<br>10115 Berlin<br>Deutschland<\/p>\n\n\n\n<p>Telefon: <strong>+49 (0)30 1234567<\/strong><br>E-Mail: <strong><a>kontakt@analyse24.com<\/a><\/strong><br>Webseite: <strong><a href=\"https:\/\/analyse24.com\/de\/\">https:\/\/analyse24.com<\/a><\/strong><\/p>\n\n\n\n<h2 class=\"wp-block-heading\">Verantwortlich f\u00fcr den Inhalt nach \u00a7 55 Abs. 2 RStV<\/h2>\n\n\n\n<p><strong>Maximilian Weber<\/strong><br>Musterstra\u00dfe 45<br>10115 Berlin<br>Deutschland<\/p>\n\n\n\n<h2 class=\"wp-block-heading\">Redaktion &amp; Autorenteam<\/h2>\n\n\n\n<p>Redaktionsleitung: <strong>Laura Schneider<\/strong><br>Fachautoren: <strong>Tobias Klein, Jana Hoffmann, Michael Berger<\/strong><br>Themenschwerpunkte: Finanzen, Investments, Vergleichsportale, Wirtschaftstrends<\/p>\n\n\n\n<h2 class=\"wp-block-heading\">Haftungsausschluss <\/h2>\n\n\n\n<h3 class=\"wp-block-heading\">Haftung f\u00fcr Inhalte<\/h3>\n\n\n\n<p>Die Inhalte unserer Seiten wurden mit gr\u00f6\u00dfter Sorgfalt erstellt. F\u00fcr die Richtigkeit, Vollst\u00e4ndigkeit und Aktualit\u00e4t der Inhalte k\u00f6nnen wir jedoch keine Gew\u00e4hr \u00fcbernehmen. Als Diensteanbieter sind wir gem\u00e4\u00df \u00a7 7 Abs.1 TMG f\u00fcr eigene Inhalte auf diesen Seiten nach den allgemeinen Gesetzen verantwortlich. Nach \u00a7\u00a7 8 bis 10 TMG sind wir als Diensteanbieter jedoch nicht verpflichtet, \u00fcbermittelte oder gespeicherte fremde Informationen zu \u00fcberwachen oder nach Umst\u00e4nden zu forschen, die auf eine rechtswidrige T\u00e4tigkeit hinweisen.<br>Verpflichtungen zur Entfernung oder Sperrung der Nutzung von Informationen nach den allgemeinen Gesetzen bleiben hiervon unber\u00fchrt. Eine diesbez\u00fcgliche Haftung ist jedoch erst ab dem Zeitpunkt der Kenntnis einer konkreten Rechtsverletzung m\u00f6glich. Bei Bekanntwerden entsprechender Rechtsverletzungen werden wir diese Inhalte umgehend entfernen.<\/p>\n\n\n\n<h3 class=\"wp-block-heading\">Haftung f\u00fcr Links<\/h3>\n\n\n\n<p>Unser Angebot enth\u00e4lt Links zu externen Websites Dritter, auf deren Inhalte wir keinen Einfluss haben. Deshalb k\u00f6nnen wir f\u00fcr diese fremden Inhalte auch keine Gew\u00e4hr \u00fcbernehmen. F\u00fcr die Inhalte der verlinkten Seiten ist stets der jeweilige Anbieter oder Betreiber der Seiten verantwortlich. Die verlinkten Seiten wurden zum Zeitpunkt der Verlinkung auf m\u00f6gliche Rechtsverst\u00f6\u00dfe \u00fcberpr\u00fcft. Rechtswidrige Inhalte waren zum Zeitpunkt der Verlinkung nicht erkennbar. Eine permanente inhaltliche Kontrolle der verlinkten Seiten ist jedoch ohne konkrete Anhaltspunkte einer Rechtsverletzung nicht zumutbar. Bei Bekanntwerden von Rechtsverletzungen werden wir derartige Links umgehend entfernen.<\/p>\n\n\n\n<h3 class=\"wp-block-heading\">Urheberrecht<\/h3>\n\n\n\n<p>Die durch die Seitenbetreiber erstellten Inhalte und Werke auf diesen Seiten unterliegen dem deutschen Urheberrecht. Die Vervielf\u00e4ltigung, Bearbeitung, Verbreitung und jede Art der Verwertung au\u00dferhalb der Grenzen des Urheberrechts bed\u00fcrfen der schriftlichen Zustimmung des jeweiligen Autors bzw. Erstellers. Downloads und Kopien dieser Seite sind nur f\u00fcr den privaten, nicht kommerziellen Gebrauch gestattet.<br>Soweit die Inhalte auf dieser Seite nicht vom Betreiber erstellt wurden, werden die Urheberrechte Dritter beachtet. Solltest du trotzdem auf eine Urheberrechtsverletzung aufmerksam werden, bitten wir um einen entsprechenden Hinweis. Bei Bekanntwerden von Rechtsverletzungen werden wir derartige Inhalte umgehend entfernen.<\/p>\n\n\n\n<h2 class=\"wp-block-heading\">Datenschutz<\/h2>\n\n\n\n<p>Die Datenschutzerkl\u00e4rung von <strong>anlagespiegel.com<\/strong> findest du unter:<br><a>https:\/\/analyse24.com\/datenschutz<\/a><\/p>\n\n\n\n<h2 class=\"wp-block-heading\">Online-Streitbeilegung gem\u00e4\u00df Art. 14 Abs. 1 ODR-VO und \u00a7 36 VSBG<\/h2>\n\n\n\n<p>Die Europ\u00e4ische Kommission stellt eine Plattform zur Online-Streitbeilegung (OS) bereit:<br><a>https:\/\/ec.europa.eu\/consumers\/odr<\/a><\/p>\n\n\n\n<p>Wir sind weder verpflichtet noch bereit, an einem Streitbeilegungsverfahren vor einer Verbraucherschlichtungsstelle teilzunehmen.<\/p>\n\n\n\n<h2 class=\"wp-block-heading\">Umsatzsteuer-ID<\/h2>\n\n\n\n<p>Umsatzsteuer-Identifikationsnummer gem\u00e4\u00df \u00a727 a Umsatzsteuergesetz: <strong>DE123456789<\/strong><\/p>\n\n\n\n<h2 class=\"wp-block-heading\">Bankverbindung (Beispieldaten)<\/h2>\n\n\n\n<p>Kontoinhaber: <strong>Anlagespiegel Media UG (haftungsbeschr\u00e4nkt)<\/strong><br>IBAN: <strong>DE12 3456 7890 1234 5678 00<\/strong><br>BIC: <strong>MUSTDEFFXXX<\/strong><br>Bank: <strong>Musterbank Berlin<\/strong><\/p>","protected":false},"excerpt":{"rendered":"<p>Angaben gem\u00e4\u00df \u00a7 5 TMG Anlagespiegel.comInhaber: Maximilian WeberMusterstra\u00dfe 4510115 BerlinDeutschland Telefon: +49 (0)30 1234567E-Mail: kontakt@analyse24.comWebseite: https:\/\/analyse24.com Verantwortlich f\u00fcr den Inhalt nach \u00a7 55 Abs. 2 RStV Maximilian WeberMusterstra\u00dfe 4510115 BerlinDeutschland Redaktion &amp; Autorenteam Redaktionsleitung: Laura SchneiderFachautoren: Tobias Klein, Jana Hoffmann, Michael BergerThemenschwerpunkte: Finanzen, Investments, Vergleichsportale, Wirtschaftstrends Haftungsausschluss Haftung f\u00fcr Inhalte Die Inhalte unserer Seiten wurden [&hellip;]<\/p>","protected":false},"author":1,"featured_media":0,"parent":0,"menu_order":0,"comment_status":"closed","ping_status":"closed","template":"","meta":{"footnotes":""},"class_list":["post-37","page","type-page","status-publish","hentry"],"_links":{"self":[{"href":"https:\/\/analyse24.com\/de\/wp-json\/wp\/v2\/pages\/37","targetHints":{"allow":["GET"]}}],"collection":[{"href":"https:\/\/analyse24.com\/de\/wp-json\/wp\/v2\/pages"}],"about":[{"href":"https:\/\/analyse24.com\/de\/wp-json\/wp\/v2\/types\/page"}],"author":[{"embeddable":true,"href":"https:\/\/analyse24.com\/de\/wp-json\/wp\/v2\/users\/1"}],"replies":[{"embeddable":true,"href":"https:\/\/analyse24.com\/de\/wp-json\/wp\/v2\/comments?post=37"}],"version-history":[{"count":2,"href":"https:\/\/analyse24.com\/de\/wp-json\/wp\/v2\/pages\/37\/revisions"}],"predecessor-version":[{"id":54,"href":"https:\/\/analyse24.com\/de\/wp-json\/wp\/v2\/pages\/37\/revisions\/54"}],"wp:attachment":[{"href":"https:\/\/analyse24.com\/de\/wp-json\/wp\/v2\/media?parent=37"}],"curies":[{"name":"wp","href":"https:\/\/api.w.org\/{rel}","templated":true}]}}